{"id":604,"date":"2024-10-23T18:02:05","date_gmt":"2024-10-23T18:02:05","guid":{"rendered":"https:\/\/comply.academy\/newsite\/product\/certificat-agrc-en-esg\/"},"modified":"2024-10-23T18:02:05","modified_gmt":"2024-10-23T18:02:05","slug":"certificat-agrc-en-esg","status":"publish","type":"product","link":"https:\/\/comply.academy\/newsite\/product\/certificat-agrc-en-esg\/","title":{"rendered":"Certificat AGRC en ESG"},"content":{"rendered":"<p>Au cours des derni\u00e8res ann\u00e9es, l&#8217;ESG a gagn\u00e9 en importance dans le monde de l&#8217;entreprise, car un nombre croissant d&#8217;organisations ont commenc\u00e9 \u00e0 adopter ses trois piliers et \u00e0 mettre en place des programmes ciblant des questions telles que le changement climatique, la diversit\u00e9, l&#8217;\u00e9quit\u00e9 et l&#8217;inclusion, les avantages sociaux, les structures de primes pour les cadres, etc. Sous la pression des parties prenantes, de la nouvelle g\u00e9n\u00e9ration de professionnels et de consommateurs, et de la soci\u00e9t\u00e9 dans son ensemble, les organisations ont fait de leurs activit\u00e9s et de leurs performances dans ces domaines un \u00e9l\u00e9ment crucial de leur strat\u00e9gie. Dans de nombreux cas, la croissance, la stabilit\u00e9 et la continuit\u00e9 de ces organisations en tant qu&#8217;entreprises sont en jeu. Dans le cadre de ce programme, vous d\u00e9couvrirez les tenants et les aboutissants de l&#8217;ESG du point de vue de la conformit\u00e9 et du reporting et serez mieux pr\u00e9par\u00e9 \u00e0 aider votre organisation \u00e0 d\u00e9velopper une strat\u00e9gie solide, efficace et \u00e0 long terme pour traiter toutes les questions ESG. \u00c0 propos du certificat Le certificat de l&#8217;AGRC sur les principes et normes ESG permet aux participants d&#8217;acqu\u00e9rir une compr\u00e9hension approfondie d&#8217;un sujet qui a gagn\u00e9 en importance et en attention parmi les entreprises, les r\u00e9gulateurs et les chercheurs. En m\u00eame temps, le certificat offre des conseils sur la fa\u00e7on dont les entreprises peuvent se pr\u00e9parer au mieux au nombre croissant de r\u00e9glementations li\u00e9es \u00e0 l&#8217;ESG. Th\u00e8mes abord\u00e9s La th\u00e9orie des parties prenantes Responsabilit\u00e9 sociale des entreprises (RSE) et ESG Durabilit\u00e9 Les piliers environnemental, social et de gouvernance Finance verte Principes de la banque, de l&#8217;investissement et de l&#8217;assurance responsables Les arguments \u00e9conomiques en faveur de la RSE, de l&#8217;ESG et du d\u00e9veloppement durable Initiatives et d\u00e9veloppements mondiaux tels que l&#8217;accord de Paris, le Green Deal europ\u00e9en et la strat\u00e9gie de financement vert du Royaume-Uni. Normes et cadres de reporting ESG Strat\u00e9gies d&#8217;investissement ESG La pouss\u00e9e de l&#8217;ESG vers l&#8217;avenir Public cible Ce cours est id\u00e9al pour toute personne souhaitant \u00eatre initi\u00e9e \u00e0 l&#8217;ESG et aux diff\u00e9rentes exigences que ce secteur pourrait impliquer \u00e0 l&#8217;avenir. Les professionnels jouant le r\u00f4le d&#8217;administrateurs, de membres du conseil d&#8217;administration, de cadres sup\u00e9rieurs, de juristes, de secr\u00e9taires d&#8217;entreprise, de responsables de la conformit\u00e9 et du risque, et de consultants peuvent b\u00e9n\u00e9ficier de ce cours. Aucune connaissance ou exp\u00e9rience pr\u00e9alable n&#8217;est requise, mais il est suppos\u00e9 que les participants ont une bonne connaissance de l&#8217;anglais et un bon niveau d&#8217;\u00e9ducation. Ce qui est inclus Examen en ligne Certificat AGRC L&#8217;utilisation du titre PAGRC en cas de r\u00e9ussite. D\u00e9tails de l&#8217;examen Dur\u00e9e de l&#8217;examen : 60 minutes Nombre de questions : 40 Type de question : Choix multiple Note de passage : 70\/100 Les r\u00e9sultats apparaissent directement une fois que vous avez soumis toutes vos r\u00e9ponses. Le certificat est d\u00e9livr\u00e9 instantan\u00e9ment au format PDF et envoy\u00e9 par courrier \u00e9lectronique. Une copie imprim\u00e9e du certificat peut \u00eatre demand\u00e9e moyennant un suppl\u00e9ment de 50 livres sterling.<\/p>\n","protected":false},"excerpt":{"rendered":"<p>Au cours des derni\u00e8res ann\u00e9es, l&#8217;ESG a gagn\u00e9 en importance dans le monde de l&#8217;entreprise, car un nombre croissant d&#8217;organisations [&hellip;]<\/p>\n","protected":false},"featured_media":605,"comment_status":"open","ping_status":"closed","template":"","meta":{"site-sidebar-layout":"default","site-content-layout":"","ast-site-content-layout":"","site-content-style":"default","site-sidebar-style":"default","ast-global-header-display":"","ast-banner-title-visibility":"","ast-main-header-display":"","ast-hfb-above-header-display":"","ast-hfb-below-header-display":"","ast-hfb-mobile-header-display":"","site-post-title":"","ast-breadcrumbs-content":"","ast-featured-img":"","footer-sml-layout":"","theme-transparent-header-meta":"","adv-header-id-meta":"","stick-header-meta":"","header-above-stick-meta":"","header-main-stick-meta":"","header-below-stick-meta":"","astra-migrate-meta-layouts":"default","ast-page-background-enabled":"default","ast-page-background-meta":{"desktop":{"background-color":"var(--ast-global-color-4)","background-image":"","background-repeat":"repeat","background-position":"center center","background-size":"auto","background-attachment":"scroll","background-type":"","background-media":"","overlay-type":"","overlay-color":"","overlay-opacity":"","overlay-gradient":""},"tablet":{"background-color":"","background-image":"","background-repeat":"repeat","background-position":"center center","background-size":"auto","background-attachment":"scroll","background-type":"","background-media":"","overlay-type":"","overlay-color":"","overlay-opacity":"","overlay-gradient":""},"mobile":{"background-color":"","background-image":"","background-repeat":"repeat","background-position":"center center","background-size":"auto","background-attachment":"scroll","background-type":"","background-media":"","overlay-type":"","overlay-color":"","overlay-opacity":"","overlay-gradient":""}},"ast-content-background-meta":{"desktop":{"background-color":"var(--ast-global-color-5)","background-image":"","background-repeat":"repeat","background-position":"center center","background-size":"auto","background-attachment":"scroll","background-type":"","background-media":"","overlay-type":"","overlay-color":"","overlay-opacity":"","overlay-gradient":""},"tablet":{"background-color":"var(--ast-global-color-5)","background-image":"","background-repeat":"repeat","background-position":"center center","background-size":"auto","background-attachment":"scroll","background-type":"","background-media":"","overlay-type":"","overlay-color":"","overlay-opacity":"","overlay-gradient":""},"mobile":{"background-color":"var(--ast-global-color-5)","background-image":"","background-repeat":"repeat","background-position":"center center","background-size":"auto","background-attachment":"scroll","background-type":"","background-media":"","overlay-type":"","overlay-color":"","overlay-opacity":"","overlay-gradient":""}}},"product_cat":[17],"product_tag":[],"class_list":{"0":"post-604","1":"product","2":"type-product","3":"status-publish","4":"has-post-thumbnail","6":"product_cat-uncategorized","7":"desktop-align-left","8":"tablet-align-left","9":"mobile-align-left","11":"first","12":"instock","13":"virtual","14":"sold-individually","15":"purchasable","16":"product-type-simple"},"yoast_head":"<!-- This site is optimized with the Yoast SEO plugin v23.6 - https:\/\/yoast.com\/wordpress\/plugins\/seo\/ -->\n<title>Certificat AGRC en ESG - Hephaestus II Fund<\/title>\n<meta name=\"robots\" content=\"noindex, follow, max-snippet:-1, max-image-preview:large, max-video-preview:-1\" \/>\n<meta property=\"og:locale\" content=\"en_US\" \/>\n<meta property=\"og:type\" content=\"article\" \/>\n<meta property=\"og:title\" content=\"Certificat AGRC en ESG - Hephaestus II Fund\" \/>\n<meta property=\"og:description\" content=\"Au cours des derni\u00e8res ann\u00e9es, l&#8217;ESG a gagn\u00e9 en importance dans le monde de l&#8217;entreprise, car un nombre croissant d&#8217;organisations [&hellip;]\" \/>\n<meta property=\"og:url\" content=\"https:\/\/comply.academy\/newsite\/product\/certificat-agrc-en-esg\/\" \/>\n<meta property=\"og:site_name\" content=\"Hephaestus II Fund\" \/>\n<meta property=\"og:image\" content=\"https:\/\/comply.academy\/newsite\/wp-content\/uploads\/2024\/10\/1708272310_banner_esg_french.png\" \/>\n\t<meta property=\"og:image:width\" content=\"240\" \/>\n\t<meta property=\"og:image:height\" content=\"160\" \/>\n\t<meta property=\"og:image:type\" content=\"image\/png\" \/>\n<meta name=\"twitter:card\" content=\"summary_large_image\" \/>\n<meta name=\"twitter:label1\" content=\"Est. reading time\" \/>\n\t<meta name=\"twitter:data1\" content=\"3 minutes\" \/>\n<script type=\"application\/ld+json\" class=\"yoast-schema-graph\">{\"@context\":\"https:\/\/schema.org\",\"@graph\":[{\"@type\":\"WebPage\",\"@id\":\"https:\/\/comply.academy\/newsite\/product\/certificat-agrc-en-esg\/\",\"url\":\"https:\/\/comply.academy\/newsite\/product\/certificat-agrc-en-esg\/\",\"name\":\"Certificat AGRC en ESG - Hephaestus II Fund\",\"isPartOf\":{\"@id\":\"https:\/\/comply.academy\/newsite\/#website\"},\"primaryImageOfPage\":{\"@id\":\"https:\/\/comply.academy\/newsite\/product\/certificat-agrc-en-esg\/#primaryimage\"},\"image\":{\"@id\":\"https:\/\/comply.academy\/newsite\/product\/certificat-agrc-en-esg\/#primaryimage\"},\"thumbnailUrl\":\"https:\/\/comply.academy\/newsite\/wp-content\/uploads\/2024\/10\/1708272310_banner_esg_french.png\",\"datePublished\":\"2024-10-23T18:02:05+00:00\",\"dateModified\":\"2024-10-23T18:02:05+00:00\",\"breadcrumb\":{\"@id\":\"https:\/\/comply.academy\/newsite\/product\/certificat-agrc-en-esg\/#breadcrumb\"},\"inLanguage\":\"en-US\",\"potentialAction\":[{\"@type\":\"ReadAction\",\"target\":[\"https:\/\/comply.academy\/newsite\/product\/certificat-agrc-en-esg\/\"]}]},{\"@type\":\"ImageObject\",\"inLanguage\":\"en-US\",\"@id\":\"https:\/\/comply.academy\/newsite\/product\/certificat-agrc-en-esg\/#primaryimage\",\"url\":\"https:\/\/comply.academy\/newsite\/wp-content\/uploads\/2024\/10\/1708272310_banner_esg_french.png\",\"contentUrl\":\"https:\/\/comply.academy\/newsite\/wp-content\/uploads\/2024\/10\/1708272310_banner_esg_french.png\",\"width\":240,\"height\":160},{\"@type\":\"BreadcrumbList\",\"@id\":\"https:\/\/comply.academy\/newsite\/product\/certificat-agrc-en-esg\/#breadcrumb\",\"itemListElement\":[{\"@type\":\"ListItem\",\"position\":1,\"name\":\"Home\",\"item\":\"https:\/\/comply.academy\/newsite\/\"},{\"@type\":\"ListItem\",\"position\":2,\"name\":\"Shop\",\"item\":\"https:\/\/comply.academy\/newsite\/shop\/\"},{\"@type\":\"ListItem\",\"position\":3,\"name\":\"Certificat AGRC en ESG\"}]},{\"@type\":\"WebSite\",\"@id\":\"https:\/\/comply.academy\/newsite\/#website\",\"url\":\"https:\/\/comply.academy\/newsite\/\",\"name\":\"Hephaestus II Fund\",\"description\":\"Invest in Green Energy\",\"potentialAction\":[{\"@type\":\"SearchAction\",\"target\":{\"@type\":\"EntryPoint\",\"urlTemplate\":\"https:\/\/comply.academy\/newsite\/?s={search_term_string}\"},\"query-input\":{\"@type\":\"PropertyValueSpecification\",\"valueRequired\":true,\"valueName\":\"search_term_string\"}}],\"inLanguage\":\"en-US\"}]}<\/script>\n<!-- \/ Yoast SEO plugin. -->","yoast_head_json":{"title":"Certificat AGRC en ESG - Hephaestus II Fund","robots":{"index":"noindex","follow":"follow","max-snippet":"max-snippet:-1","max-image-preview":"max-image-preview:large","max-video-preview":"max-video-preview:-1"},"og_locale":"en_US","og_type":"article","og_title":"Certificat AGRC en ESG - Hephaestus II Fund","og_description":"Au cours des derni\u00e8res ann\u00e9es, l&#8217;ESG a gagn\u00e9 en importance dans le monde de l&#8217;entreprise, car un nombre croissant d&#8217;organisations [&hellip;]","og_url":"https:\/\/comply.academy\/newsite\/product\/certificat-agrc-en-esg\/","og_site_name":"Hephaestus II Fund","og_image":[{"width":240,"height":160,"url":"https:\/\/comply.academy\/newsite\/wp-content\/uploads\/2024\/10\/1708272310_banner_esg_french.png","type":"image\/png"}],"twitter_card":"summary_large_image","twitter_misc":{"Est. reading time":"3 minutes"},"schema":{"@context":"https:\/\/schema.org","@graph":[{"@type":"WebPage","@id":"https:\/\/comply.academy\/newsite\/product\/certificat-agrc-en-esg\/","url":"https:\/\/comply.academy\/newsite\/product\/certificat-agrc-en-esg\/","name":"Certificat AGRC en ESG - Hephaestus II Fund","isPartOf":{"@id":"https:\/\/comply.academy\/newsite\/#website"},"primaryImageOfPage":{"@id":"https:\/\/comply.academy\/newsite\/product\/certificat-agrc-en-esg\/#primaryimage"},"image":{"@id":"https:\/\/comply.academy\/newsite\/product\/certificat-agrc-en-esg\/#primaryimage"},"thumbnailUrl":"https:\/\/comply.academy\/newsite\/wp-content\/uploads\/2024\/10\/1708272310_banner_esg_french.png","datePublished":"2024-10-23T18:02:05+00:00","dateModified":"2024-10-23T18:02:05+00:00","breadcrumb":{"@id":"https:\/\/comply.academy\/newsite\/product\/certificat-agrc-en-esg\/#breadcrumb"},"inLanguage":"en-US","potentialAction":[{"@type":"ReadAction","target":["https:\/\/comply.academy\/newsite\/product\/certificat-agrc-en-esg\/"]}]},{"@type":"ImageObject","inLanguage":"en-US","@id":"https:\/\/comply.academy\/newsite\/product\/certificat-agrc-en-esg\/#primaryimage","url":"https:\/\/comply.academy\/newsite\/wp-content\/uploads\/2024\/10\/1708272310_banner_esg_french.png","contentUrl":"https:\/\/comply.academy\/newsite\/wp-content\/uploads\/2024\/10\/1708272310_banner_esg_french.png","width":240,"height":160},{"@type":"BreadcrumbList","@id":"https:\/\/comply.academy\/newsite\/product\/certificat-agrc-en-esg\/#breadcrumb","itemListElement":[{"@type":"ListItem","position":1,"name":"Home","item":"https:\/\/comply.academy\/newsite\/"},{"@type":"ListItem","position":2,"name":"Shop","item":"https:\/\/comply.academy\/newsite\/shop\/"},{"@type":"ListItem","position":3,"name":"Certificat AGRC en ESG"}]},{"@type":"WebSite","@id":"https:\/\/comply.academy\/newsite\/#website","url":"https:\/\/comply.academy\/newsite\/","name":"Hephaestus II Fund","description":"Invest in Green Energy","potentialAction":[{"@type":"SearchAction","target":{"@type":"EntryPoint","urlTemplate":"https:\/\/comply.academy\/newsite\/?s={search_term_string}"},"query-input":{"@type":"PropertyValueSpecification","valueRequired":true,"valueName":"search_term_string"}}],"inLanguage":"en-US"}]}},"_links":{"self":[{"href":"https:\/\/comply.academy\/newsite\/wp-json\/wp\/v2\/product\/604","targetHints":{"allow":["GET"]}}],"collection":[{"href":"https:\/\/comply.academy\/newsite\/wp-json\/wp\/v2\/product"}],"about":[{"href":"https:\/\/comply.academy\/newsite\/wp-json\/wp\/v2\/types\/product"}],"replies":[{"embeddable":true,"href":"https:\/\/comply.academy\/newsite\/wp-json\/wp\/v2\/comments?post=604"}],"wp:featuredmedia":[{"embeddable":true,"href":"https:\/\/comply.academy\/newsite\/wp-json\/wp\/v2\/media\/605"}],"wp:attachment":[{"href":"https:\/\/comply.academy\/newsite\/wp-json\/wp\/v2\/media?parent=604"}],"wp:term":[{"taxonomy":"product_cat","embeddable":true,"href":"https:\/\/comply.academy\/newsite\/wp-json\/wp\/v2\/product_cat?post=604"},{"taxonomy":"product_tag","embeddable":true,"href":"https:\/\/comply.academy\/newsite\/wp-json\/wp\/v2\/product_tag?post=604"}],"curies":[{"name":"wp","href":"https:\/\/api.w.org\/{rel}","templated":true}]}}